{"id":32,"date":"2024-01-04T19:20:20","date_gmt":"2024-01-04T19:20:20","guid":{"rendered":"https:\/\/www.kerkusarborystyka.pl\/?page_id=32"},"modified":"2025-01-29T11:22:45","modified_gmt":"2025-01-29T11:22:45","slug":"profesjonalna-pielegnacja-i-ocena-drzew-kerkus-arborystyka","status":"publish","type":"page","link":"https:\/\/www.kerkusarborystyka.pl\/","title":{"rendered":"Strona g\u0142\u00f3wna"},"content":{"rendered":"\n<h2>\n\t\tArborystyka &#8211; piel\u0119gnacja drzew &#8211; ocena stanu drzew \n\t<\/h2>\n\t<p><strong>Historia drzew si\u0119ga ponad 350 milion\u00f3w lat. \u00a0Od pocz\u0105tku swego istnienia wype\u0142niaj\u0105 atmosfer\u0119 tlenem, filtruj\u0105 powietrze z zanieczyszcze\u0144 i zapewniaj\u0105 schronienie mieszkaj\u0105cym pod ich koronami stworzeniom.<\/strong><\/p>\n<hr \/>\n<p><strong>Cho\u0107 od czas\u00f3w gdy drzewa i lasy by\u0142y uznawane za <\/strong><strong>\u015bwi\u0119te, czy jako dobro ekskluzywne zdobi\u0142y szlacheckie dworki czy kr\u00f3lewskie lasy min\u0119\u0142y ju\u017c lata, to dzi\u015b r\u00f3wnie\u017c stanowi\u0105 wielk\u0105 warto\u015b\u0107. Zapewniaj\u0105 nam czyste powietrze i cie\u0144, ciesz\u0105 oczy, s\u0105 domem niezliczonych, r\u00f3\u017cnorakich stworze\u0144, a nawet zwi\u0119kszaj\u0105 warto\u015b\u0107 naszych dzia\u0142ek i grunt\u00f3w.<\/strong><\/p>\n<h2>\n\t\tCertyfikowany arborysta \n\t<\/h2>\n\t\t\t\t<img loading=\"lazy\" decoding=\"async\" src=\"https:\/\/www.kerkusarborystyka.pl\/wp-content\/uploads\/2024\/01\/Wojtek-1024x917.jpg\" alt=\"Wojtek\" itemprop=\"image\" height=\"917\" width=\"1024\" title=\"Wojtek\" onerror=\"this.style.display='none'\"  \/>\n\t<h4><strong>Praca arborysty polega na dbaniu o drzewa, od w\u0142a\u015bciwego ich posadzenia, przez piel\u0119gnacj\u0119 i kontrol\u0119 przez ca\u0142y okres \u017cycia, po bezpieczne usuni\u0119cie, gdy ma to uzasadnienie.<\/strong><\/h4>\n<hr \/>\nNazywam si\u0119 <strong>Wojtek Kolarski<\/strong> i jestem arboryst\u0105 posiadaj\u0105cym <strong>certyfikat European Tree Worker<\/strong> wydawany przez Europejsk\u0105 Rad\u0119 ds. Arborystyki &#8211; European Arboricultural Council. Certyfikat ETW potwierdza moje kwalifikacje i wiedz\u0119 na temat drzew i ich potrzeb.<br \/>\nPodczas pracy minimalizuj\u0119 ingerencj\u0119 w drzewo, dbaj\u0105c jednocze\u015bnie o realizacj\u0119 potrzeb klienta. \u0141\u0105cz\u0119 profesjonaln\u0105 piel\u0119gnacj\u0119 drzew z ich ochron\u0105.\n<h2>\n\t\tOferowane us\u0142ugi piel\u0119gnacji drzew\n\t<\/h2>\n\t\t\t\t<img loading=\"lazy\" decoding=\"async\" src=\"https:\/\/www.kerkusarborystyka.pl\/wp-content\/uploads\/2024\/01\/ocena-rozwidlen-kowalik-scaled.jpg\" alt=\"ocena rozwidle\u0144 kowalik\" itemprop=\"image\" height=\"2560\" width=\"1440\" title=\"ocena rozwidle\u0144 kowalik\" onerror=\"this.style.display='none'\"  \/>\n\t\t\t\t<img loading=\"lazy\" decoding=\"async\" src=\"https:\/\/www.kerkusarborystyka.pl\/wp-content\/uploads\/2024\/01\/IMG_20230901_112138_967-scaled.jpg\" alt=\"IMG_20230901_112138_967\" itemprop=\"image\" height=\"2560\" width=\"1440\" title=\"IMG_20230901_112138_967\" onerror=\"this.style.display='none'\"  \/>\n\t<h2>Dotychczas mia\u0142em przyjemno\u015b\u0107 wsp\u00f3\u0142pracowa\u0107 z jednostkami terytorialnymi, zarz\u0105dcami jak i w\u0142a\u015bcicielami nieruchomo\u015bci, osobami prywatnymi, a nawet z wojskiem. Najciekawsze prace wykonywa\u0142em na pomnikach przyrody i w parkach zabytkowych.<\/h2>\n<hr \/>\n<p> Opis wykonywanych us\u0142ug mo\u017cna znale\u017a\u0107 <a href=\"https:\/\/www.kerkusarborystyka.pl\/index.php\/oferowane-uslugi\/\">TUTAJ,<\/a><\/p>\n<p>Cz\u0119\u015b\u0107 referencji, opinii i rekomendacji dla firmy Kerkus Arborystyka jest <a href=\"https:\/\/www.kerkusarborystyka.pl\/index.php\/referencje\/\">TUTAJ<\/a><\/p>\n<p>&nbsp;<\/p>\n<h2>\n\t\tZadbaj o swoje drzewo &#8211; zadzwo\u0144 lub napisz\n\t<\/h2>\n\t\t\t\t<img loading=\"lazy\" decoding=\"async\" src=\"https:\/\/www.kerkusarborystyka.pl\/wp-content\/uploads\/2024\/01\/lipa.jpg\" alt=\"lipa\" itemprop=\"image\" height=\"480\" width=\"640\" title=\"lipa\" onerror=\"this.style.display='none'\"  \/>\n\t<h2><strong>Kontakt do Kerkus Arborystyka<\/strong><\/h2>\n<p>Telefon: (48) <strong>661 083 105<\/strong><\/p>\n<p>E-mail: <strong>kerkusarbo@gmail.com<\/strong><\/p>\n<p>&nbsp;<\/p>\n<p>W twojej okolicy nie ma specjalisty od drzew? <\/p>\n<p>Zadzwo\u0144, jestem w stanie dojecha\u0107 w ka\u017cde miejsce Polski.<\/p>\n<p>&nbsp;<\/p>\n<h2>\n\t\tObszar dzia\u0142ania piel\u0119gnacja i wycinka drzew\n\t<\/h2>\n\t<h4>Piel\u0119gnacja drzew dolno\u015bl\u0105skie Kerkus Arborystyka<\/h4>\n<p>Przegl\u0105du drzewostanu \u2665 Inwentaryzacja drzew \u2665 Holistyczna opieka nad drzewami \u2665 Piel\u0119gnacja drzew \u2665 Wycinka sekcyjna drzew<\/p>\n<p>W: Dzier\u017coni\u00f3w, Pi\u0142awa G\u00f3rna, \u015awidnica, Z\u0105bkowice \u015al\u0105skie, Niemcza, \u0141agiewniki, Jordan\u00f3w \u015al\u0105ski, Strzelin, Srebrna G\u00f3ra, Kamieniec Z\u0105bkowicki, K\u0142odzko, Bystrzyca K\u0142odzka, Radk\u00f3w, Polanica &#8211; Zdr\u00f3j, Duszniki &#8211; Zdr\u00f3j, Nowa Ruda, Ostroszowice, Pieszyce, Bielawa, Walim, G\u0142uszyca, Jedlina &#8211; Zdr\u00f3j, Szczawno &#8211; Zdr\u00f3j, Wa\u0142brzych, \u015awiebodzice, Dobromierz, Jaworzyna \u015al\u0105ska, \u017bar\u00f3w, Krask\u00f3w, Sob\u00f3tka<\/p>\n<p>&nbsp;<\/p>\n<h4>Piel\u0119gnacja drzew \u015bl\u0105skie Kerkus Arborystyka<\/h4>\n<p>Przegl\u0105du drzewostanu \u2665 Inwentaryzacja drzew \u2665 Holistyczna opieka nad drzewami \u2665 Piel\u0119gnacja drzew \u2665 Wycinka sekcyjna drzew<\/p>\n<p>W: Cz\u0119stochowa, Mst\u00f3w, Olsztyn, R\u0119dziny, Mykan\u00f3w, Rudniki, K\u0142omnice, Kamyk, Szarlejka, Wale\u0144cz\u00f3w, Krzepice, Truskolasy, Blachownia, Kochanowice, Lubliniec, Jawornica, Pawonk\u00f3w, Kosz\u0119cin, Boron\u00f3w, Konopiska, Kalety, Twor\u00f3g, Wo\u017aniki, Wrzosowa, Kozieg\u0142owy, Poczesna, Wanty, Z\u0142oty Potok, Jan\u00f3w, \u017barki, \u017barki &#8211; Letnisko, Myszk\u00f3w, Katowice, Gliwice, Miko\u0142\u00f3w, Tarnowskie G\u00f3ry, Bytom, D\u0105browa G\u00f3rnicza, Ruda \u015al\u0105ska<\/p>\n\n","protected":false},"excerpt":{"rendered":"<p>Arborystyka &#8211; piel\u0119gnacja drzew &#8211; ocena stanu drzew Historia drzew si\u0119ga ponad 350 milion\u00f3w lat. \u00a0Od pocz\u0105tku swego istnienia wype\u0142niaj\u0105 atmosfer\u0119 tlenem, filtruj\u0105 powietrze z zanieczyszcze\u0144 i zapewniaj\u0105 schronienie mieszkaj\u0105cym pod ich koronami stworzeniom. Cho\u0107 od czas\u00f3w gdy drzewa i lasy by\u0142y uznawane za \u015bwi\u0119te, czy jako dobro ekskluzywne zdobi\u0142y szlacheckie dworki czy kr\u00f3lewskie lasy&hellip; <br \/> <a class=\"button small blue\" href=\"https:\/\/www.kerkusarborystyka.pl\/\">Dowiedz si\u0119 wi\u0119cej<\/a><\/p>\n","protected":false},"author":1,"featured_media":0,"parent":0,"menu_order":1,"comment_status":"closed","ping_status":"closed","template":"","meta":{"footnotes":""},"yoast_head":"<!-- This site is optimized with the Yoast SEO plugin v24.5 - https:\/\/yoast.com\/wordpress\/plugins\/seo\/ -->\n<title>Strona g\u0142\u00f3wna - Kerkus Arborystyka<\/title>\n<meta name=\"description\" content=\"Kerkus Arborystyka oferuje us\u0142ugi piel\u0119gnacji i oceny drzew. Zadbaj o zdrowie i bezpiecze\u0144stwo swoich drzew z do\u015bwiadczonym arboryst\u0105. Skontaktuj si\u0119 z nami!\" \/>\n<meta name=\"robots\" content=\"index, follow, max-snippet:-1, max-image-preview:large, max-video-preview:-1\" \/>\n<link rel=\"canonical\" href=\"https:\/\/www.kerkusarborystyka.pl\/\" \/>\n<meta property=\"og:locale\" content=\"pl_PL\" \/>\n<meta property=\"og:type\" content=\"article\" \/>\n<meta property=\"og:title\" content=\"Strona g\u0142\u00f3wna - Kerkus Arborystyka\" \/>\n<meta property=\"og:description\" content=\"Kerkus Arborystyka oferuje us\u0142ugi piel\u0119gnacji i oceny drzew. Zadbaj o zdrowie i bezpiecze\u0144stwo swoich drzew z do\u015bwiadczonym arboryst\u0105. Skontaktuj si\u0119 z nami!\" \/>\n<meta property=\"og:url\" content=\"https:\/\/www.kerkusarborystyka.pl\/\" \/>\n<meta property=\"og:site_name\" content=\"Kerkus Arborystyka\" \/>\n<meta property=\"article:modified_time\" content=\"2025-01-29T11:22:45+00:00\" \/>\n<meta property=\"og:image\" content=\"https:\/\/www.kerkusarborystyka.pl\/wp-content\/uploads\/2024\/01\/Wojtek-1024x917.jpg\" \/>\n<meta name=\"twitter:card\" content=\"summary_large_image\" \/>\n<meta name=\"twitter:label1\" content=\"Szacowany czas czytania\" \/>\n\t<meta name=\"twitter:data1\" content=\"3 minuty\" \/>\n<script type=\"application\/ld+json\" class=\"yoast-schema-graph\">{\"@context\":\"https:\/\/schema.org\",\"@graph\":[{\"@type\":\"WebPage\",\"@id\":\"https:\/\/www.kerkusarborystyka.pl\/\",\"url\":\"https:\/\/www.kerkusarborystyka.pl\/\",\"name\":\"Strona g\u0142\u00f3wna - Kerkus Arborystyka\",\"isPartOf\":{\"@id\":\"https:\/\/www.kerkusarborystyka.pl\/#website\"},\"primaryImageOfPage\":{\"@id\":\"https:\/\/www.kerkusarborystyka.pl\/#primaryimage\"},\"image\":{\"@id\":\"https:\/\/www.kerkusarborystyka.pl\/#primaryimage\"},\"thumbnailUrl\":\"https:\/\/www.kerkusarborystyka.pl\/wp-content\/uploads\/2024\/01\/Wojtek-1024x917.jpg\",\"datePublished\":\"2024-01-04T19:20:20+00:00\",\"dateModified\":\"2025-01-29T11:22:45+00:00\",\"description\":\"Kerkus Arborystyka oferuje us\u0142ugi piel\u0119gnacji i oceny drzew. Zadbaj o zdrowie i bezpiecze\u0144stwo swoich drzew z do\u015bwiadczonym arboryst\u0105. Skontaktuj si\u0119 z nami!\",\"breadcrumb\":{\"@id\":\"https:\/\/www.kerkusarborystyka.pl\/#breadcrumb\"},\"inLanguage\":\"pl-PL\",\"potentialAction\":[{\"@type\":\"ReadAction\",\"target\":[\"https:\/\/www.kerkusarborystyka.pl\/\"]}]},{\"@type\":\"ImageObject\",\"inLanguage\":\"pl-PL\",\"@id\":\"https:\/\/www.kerkusarborystyka.pl\/#primaryimage\",\"url\":\"https:\/\/www.kerkusarborystyka.pl\/wp-content\/uploads\/2024\/01\/Wojtek-scaled.jpg\",\"contentUrl\":\"https:\/\/www.kerkusarborystyka.pl\/wp-content\/uploads\/2024\/01\/Wojtek-scaled.jpg\",\"width\":2560,\"height\":2292},{\"@type\":\"BreadcrumbList\",\"@id\":\"https:\/\/www.kerkusarborystyka.pl\/#breadcrumb\",\"itemListElement\":[{\"@type\":\"ListItem\",\"position\":1,\"name\":\"Strona g\u0142\u00f3wna\",\"item\":\"https:\/\/www.kerkusarborystyka.pl\/\"},{\"@type\":\"ListItem\",\"position\":2,\"name\":\"Strona g\u0142\u00f3wna\"}]},{\"@type\":\"WebSite\",\"@id\":\"https:\/\/www.kerkusarborystyka.pl\/#website\",\"url\":\"https:\/\/www.kerkusarborystyka.pl\/\",\"name\":\"Kerkus Arborystyka\",\"description\":\"Specjalistyczna Piel\u0119gnacja Drzew\",\"publisher\":{\"@id\":\"https:\/\/www.kerkusarborystyka.pl\/#organization\"},\"potentialAction\":[{\"@type\":\"SearchAction\",\"target\":{\"@type\":\"EntryPoint\",\"urlTemplate\":\"https:\/\/www.kerkusarborystyka.pl\/?s={search_term_string}\"},\"query-input\":{\"@type\":\"PropertyValueSpecification\",\"valueRequired\":true,\"valueName\":\"search_term_string\"}}],\"inLanguage\":\"pl-PL\"},{\"@type\":\"Organization\",\"@id\":\"https:\/\/www.kerkusarborystyka.pl\/#organization\",\"name\":\"Kerkus Arborystyka\",\"url\":\"https:\/\/www.kerkusarborystyka.pl\/\",\"logo\":{\"@type\":\"ImageObject\",\"inLanguage\":\"pl-PL\",\"@id\":\"https:\/\/www.kerkusarborystyka.pl\/#\/schema\/logo\/image\/\",\"url\":\"https:\/\/www.kerkusarborystyka.pl\/wp-content\/uploads\/2024\/01\/cropped-KERKUS-ARBORYSTA-logo.png\",\"contentUrl\":\"https:\/\/www.kerkusarborystyka.pl\/wp-content\/uploads\/2024\/01\/cropped-KERKUS-ARBORYSTA-logo.png\",\"width\":512,\"height\":512,\"caption\":\"Kerkus Arborystyka\"},\"image\":{\"@id\":\"https:\/\/www.kerkusarborystyka.pl\/#\/schema\/logo\/image\/\"}}]}<\/script>\n<!-- \/ Yoast SEO plugin. -->","yoast_head_json":{"title":"Strona g\u0142\u00f3wna - Kerkus Arborystyka","description":"Kerkus Arborystyka oferuje us\u0142ugi piel\u0119gnacji i oceny drzew. Zadbaj o zdrowie i bezpiecze\u0144stwo swoich drzew z do\u015bwiadczonym arboryst\u0105. Skontaktuj si\u0119 z nami!","robots":{"index":"index","follow":"follow","max-snippet":"max-snippet:-1","max-image-preview":"max-image-preview:large","max-video-preview":"max-video-preview:-1"},"canonical":"https:\/\/www.kerkusarborystyka.pl\/","og_locale":"pl_PL","og_type":"article","og_title":"Strona g\u0142\u00f3wna - Kerkus Arborystyka","og_description":"Kerkus Arborystyka oferuje us\u0142ugi piel\u0119gnacji i oceny drzew. Zadbaj o zdrowie i bezpiecze\u0144stwo swoich drzew z do\u015bwiadczonym arboryst\u0105. Skontaktuj si\u0119 z nami!","og_url":"https:\/\/www.kerkusarborystyka.pl\/","og_site_name":"Kerkus Arborystyka","article_modified_time":"2025-01-29T11:22:45+00:00","og_image":[{"url":"https:\/\/www.kerkusarborystyka.pl\/wp-content\/uploads\/2024\/01\/Wojtek-1024x917.jpg","type":"","width":"","height":""}],"twitter_card":"summary_large_image","twitter_misc":{"Szacowany czas czytania":"3 minuty"},"schema":{"@context":"https:\/\/schema.org","@graph":[{"@type":"WebPage","@id":"https:\/\/www.kerkusarborystyka.pl\/","url":"https:\/\/www.kerkusarborystyka.pl\/","name":"Strona g\u0142\u00f3wna - Kerkus Arborystyka","isPartOf":{"@id":"https:\/\/www.kerkusarborystyka.pl\/#website"},"primaryImageOfPage":{"@id":"https:\/\/www.kerkusarborystyka.pl\/#primaryimage"},"image":{"@id":"https:\/\/www.kerkusarborystyka.pl\/#primaryimage"},"thumbnailUrl":"https:\/\/www.kerkusarborystyka.pl\/wp-content\/uploads\/2024\/01\/Wojtek-1024x917.jpg","datePublished":"2024-01-04T19:20:20+00:00","dateModified":"2025-01-29T11:22:45+00:00","description":"Kerkus Arborystyka oferuje us\u0142ugi piel\u0119gnacji i oceny drzew. Zadbaj o zdrowie i bezpiecze\u0144stwo swoich drzew z do\u015bwiadczonym arboryst\u0105. Skontaktuj si\u0119 z nami!","breadcrumb":{"@id":"https:\/\/www.kerkusarborystyka.pl\/#breadcrumb"},"inLanguage":"pl-PL","potentialAction":[{"@type":"ReadAction","target":["https:\/\/www.kerkusarborystyka.pl\/"]}]},{"@type":"ImageObject","inLanguage":"pl-PL","@id":"https:\/\/www.kerkusarborystyka.pl\/#primaryimage","url":"https:\/\/www.kerkusarborystyka.pl\/wp-content\/uploads\/2024\/01\/Wojtek-scaled.jpg","contentUrl":"https:\/\/www.kerkusarborystyka.pl\/wp-content\/uploads\/2024\/01\/Wojtek-scaled.jpg","width":2560,"height":2292},{"@type":"BreadcrumbList","@id":"https:\/\/www.kerkusarborystyka.pl\/#breadcrumb","itemListElement":[{"@type":"ListItem","position":1,"name":"Strona g\u0142\u00f3wna","item":"https:\/\/www.kerkusarborystyka.pl\/"},{"@type":"ListItem","position":2,"name":"Strona g\u0142\u00f3wna"}]},{"@type":"WebSite","@id":"https:\/\/www.kerkusarborystyka.pl\/#website","url":"https:\/\/www.kerkusarborystyka.pl\/","name":"Kerkus Arborystyka","description":"Specjalistyczna Piel\u0119gnacja Drzew","publisher":{"@id":"https:\/\/www.kerkusarborystyka.pl\/#organization"},"potentialAction":[{"@type":"SearchAction","target":{"@type":"EntryPoint","urlTemplate":"https:\/\/www.kerkusarborystyka.pl\/?s={search_term_string}"},"query-input":{"@type":"PropertyValueSpecification","valueRequired":true,"valueName":"search_term_string"}}],"inLanguage":"pl-PL"},{"@type":"Organization","@id":"https:\/\/www.kerkusarborystyka.pl\/#organization","name":"Kerkus Arborystyka","url":"https:\/\/www.kerkusarborystyka.pl\/","logo":{"@type":"ImageObject","inLanguage":"pl-PL","@id":"https:\/\/www.kerkusarborystyka.pl\/#\/schema\/logo\/image\/","url":"https:\/\/www.kerkusarborystyka.pl\/wp-content\/uploads\/2024\/01\/cropped-KERKUS-ARBORYSTA-logo.png","contentUrl":"https:\/\/www.kerkusarborystyka.pl\/wp-content\/uploads\/2024\/01\/cropped-KERKUS-ARBORYSTA-logo.png","width":512,"height":512,"caption":"Kerkus Arborystyka"},"image":{"@id":"https:\/\/www.kerkusarborystyka.pl\/#\/schema\/logo\/image\/"}}]}},"_links":{"self":[{"href":"https:\/\/www.kerkusarborystyka.pl\/index.php\/wp-json\/wp\/v2\/pages\/32"}],"collection":[{"href":"https:\/\/www.kerkusarborystyka.pl\/index.php\/wp-json\/wp\/v2\/pages"}],"about":[{"href":"https:\/\/www.kerkusarborystyka.pl\/index.php\/wp-json\/wp\/v2\/types\/page"}],"author":[{"embeddable":true,"href":"https:\/\/www.kerkusarborystyka.pl\/index.php\/wp-json\/wp\/v2\/users\/1"}],"replies":[{"embeddable":true,"href":"https:\/\/www.kerkusarborystyka.pl\/index.php\/wp-json\/wp\/v2\/comments?post=32"}],"version-history":[{"count":34,"href":"https:\/\/www.kerkusarborystyka.pl\/index.php\/wp-json\/wp\/v2\/pages\/32\/revisions"}],"predecessor-version":[{"id":218,"href":"https:\/\/www.kerkusarborystyka.pl\/index.php\/wp-json\/wp\/v2\/pages\/32\/revisions\/218"}],"wp:attachment":[{"href":"https:\/\/www.kerkusarborystyka.pl\/index.php\/wp-json\/wp\/v2\/media?parent=32"}],"curies":[{"name":"wp","href":"https:\/\/api.w.org\/{rel}","templated":true}]}}