{"id":152,"date":"2024-01-08T12:49:41","date_gmt":"2024-01-08T12:49:41","guid":{"rendered":"https:\/\/www.kerkusarborystyka.pl\/?page_id=152"},"modified":"2025-01-29T09:49:46","modified_gmt":"2025-01-29T09:49:46","slug":"referencje-opinie-i-polecenia-dla-kerkus-arborystyka-od-naszych-klientow","status":"publish","type":"page","link":"https:\/\/www.kerkusarborystyka.pl\/index.php\/referencje-opinie-i-polecenia-dla-kerkus-arborystyka-od-naszych-klientow\/","title":{"rendered":"Referencje"},"content":{"rendered":"\n<h4>\n\t\t\u2b50 Sprawd\u017a Opinie o Kerkus Arborystyka &#8211; Rekomendacje Zadowolonych Klient\u00f3w! \n\t<\/h4>\n<h5>\n\t\tSwoje drzewa powierzyli nam mi\u0119dzy innymi:\n\t<\/h5>\n\t\t\t\t<a href=\"https:\/\/www.kerkusarborystyka.pl\/wp-content\/uploads\/2024\/01\/Referencje-Banie-2023-scaled.jpg\" target=\"_self\" itemprop=\"url\" rel=\"noopener\">\n\t\t\t\t<img loading=\"lazy\" decoding=\"async\" src=\"https:\/\/www.kerkusarborystyka.pl\/wp-content\/uploads\/2024\/01\/Referencje-Banie-2023-scaled.jpg\" alt=\"Referencje Banie 2023\" itemprop=\"image\" height=\"2560\" width=\"1828\" title=\"Referencje Banie 2023\" onerror=\"this.style.display='none'\"  \/>\n\t\t\t\t<\/a>\n\t\t\t\t<a href=\"https:\/\/www.kerkusarborystyka.pl\/referencje-siekierczyn-2022\/\" target=\"_self\" itemprop=\"url\" rel=\"noopener\">\n\t\t\t\t<img loading=\"lazy\" decoding=\"async\" src=\"https:\/\/www.kerkusarborystyka.pl\/wp-content\/uploads\/2024\/01\/Referencje-Siekierczyn-2022.jpg\" alt=\"Referencje Siekierczyn 2022\" itemprop=\"image\" height=\"947\" width=\"669\" title=\"Referencje Siekierczyn 2022\" onerror=\"this.style.display='none'\"  \/>\n\t\t\t\t<\/a>\n\t\t\t\t<img loading=\"lazy\" decoding=\"async\" src=\"https:\/\/www.kerkusarborystyka.pl\/wp-content\/uploads\/2024\/01\/Referencje-Szygowek-2019.jpg\" alt=\"Referencje Szyg\u00f3wek 2019\" itemprop=\"image\" height=\"1718\" width=\"1205\" title=\"Referencje Szyg\u00f3wek 2019\" onerror=\"this.style.display='none'\"  \/>\n\t\t\t\t<img loading=\"lazy\" decoding=\"async\" src=\"https:\/\/www.kerkusarborystyka.pl\/wp-content\/uploads\/2024\/01\/Referencje-Zloty-potok-2021-scaled.jpg\" alt=\"Referencje Z\u0142oty potok 2021\" itemprop=\"image\" height=\"2560\" width=\"1779\" title=\"Referencje Z\u0142oty potok 2021\" onerror=\"this.style.display='none'\"  \/>\n\n","protected":false},"excerpt":{"rendered":"<p>\u2b50 Sprawd\u017a Opinie o Kerkus Arborystyka &#8211; Rekomendacje Zadowolonych Klient\u00f3w! Swoje drzewa powierzyli nam mi\u0119dzy innymi:<\/p>\n","protected":false},"author":1,"featured_media":0,"parent":0,"menu_order":1,"comment_status":"closed","ping_status":"closed","template":"","meta":{"footnotes":""},"yoast_head":"<!-- This site is optimized with the Yoast SEO plugin v24.5 - https:\/\/yoast.com\/wordpress\/plugins\/seo\/ -->\n<title>Referencje - Kerkus Arborystyka<\/title>\n<meta name=\"description\" content=\"Sprawd\u017a opinie i referencje o Kerkus Arborystyka ! Zobacz, co m\u00f3wi\u0105 nasi klienci o piel\u0119gnacji i wycince drzew. Do\u0142\u0105cz do zadowolonych u\u017cytkownik\u00f3w!\" \/>\n<meta name=\"robots\" content=\"index, follow, max-snippet:-1, max-image-preview:large, max-video-preview:-1\" \/>\n<link rel=\"canonical\" href=\"https:\/\/www.kerkusarborystyka.pl\/index.php\/referencje-opinie-i-polecenia-dla-kerkus-arborystyka-od-naszych-klientow\/\" \/>\n<meta property=\"og:locale\" content=\"pl_PL\" \/>\n<meta property=\"og:type\" content=\"article\" \/>\n<meta property=\"og:title\" content=\"Referencje - Kerkus Arborystyka\" \/>\n<meta property=\"og:description\" content=\"Sprawd\u017a opinie i referencje o Kerkus Arborystyka ! Zobacz, co m\u00f3wi\u0105 nasi klienci o piel\u0119gnacji i wycince drzew. Do\u0142\u0105cz do zadowolonych u\u017cytkownik\u00f3w!\" \/>\n<meta property=\"og:url\" content=\"https:\/\/www.kerkusarborystyka.pl\/index.php\/referencje-opinie-i-polecenia-dla-kerkus-arborystyka-od-naszych-klientow\/\" \/>\n<meta property=\"og:site_name\" content=\"Kerkus Arborystyka\" \/>\n<meta property=\"article:modified_time\" content=\"2025-01-29T09:49:46+00:00\" \/>\n<meta property=\"og:image\" content=\"https:\/\/www.kerkusarborystyka.pl\/wp-content\/uploads\/2024\/01\/Referencje-Banie-2023-scaled.jpg\" \/>\n<meta name=\"twitter:card\" content=\"summary_large_image\" \/>\n<meta name=\"twitter:label1\" content=\"Szacowany czas czytania\" \/>\n\t<meta name=\"twitter:data1\" content=\"1 minuta\" \/>\n<script type=\"application\/ld+json\" class=\"yoast-schema-graph\">{\"@context\":\"https:\/\/schema.org\",\"@graph\":[{\"@type\":\"WebPage\",\"@id\":\"https:\/\/www.kerkusarborystyka.pl\/index.php\/referencje-opinie-i-polecenia-dla-kerkus-arborystyka-od-naszych-klientow\/\",\"url\":\"https:\/\/www.kerkusarborystyka.pl\/index.php\/referencje-opinie-i-polecenia-dla-kerkus-arborystyka-od-naszych-klientow\/\",\"name\":\"Referencje - Kerkus Arborystyka\",\"isPartOf\":{\"@id\":\"https:\/\/www.kerkusarborystyka.pl\/#website\"},\"primaryImageOfPage\":{\"@id\":\"https:\/\/www.kerkusarborystyka.pl\/index.php\/referencje-opinie-i-polecenia-dla-kerkus-arborystyka-od-naszych-klientow\/#primaryimage\"},\"image\":{\"@id\":\"https:\/\/www.kerkusarborystyka.pl\/index.php\/referencje-opinie-i-polecenia-dla-kerkus-arborystyka-od-naszych-klientow\/#primaryimage\"},\"thumbnailUrl\":\"https:\/\/www.kerkusarborystyka.pl\/wp-content\/uploads\/2024\/01\/Referencje-Banie-2023-scaled.jpg\",\"datePublished\":\"2024-01-08T12:49:41+00:00\",\"dateModified\":\"2025-01-29T09:49:46+00:00\",\"description\":\"Sprawd\u017a opinie i referencje o Kerkus Arborystyka ! Zobacz, co m\u00f3wi\u0105 nasi klienci o piel\u0119gnacji i wycince drzew. Do\u0142\u0105cz do zadowolonych u\u017cytkownik\u00f3w!\",\"breadcrumb\":{\"@id\":\"https:\/\/www.kerkusarborystyka.pl\/index.php\/referencje-opinie-i-polecenia-dla-kerkus-arborystyka-od-naszych-klientow\/#breadcrumb\"},\"inLanguage\":\"pl-PL\",\"potentialAction\":[{\"@type\":\"ReadAction\",\"target\":[\"https:\/\/www.kerkusarborystyka.pl\/index.php\/referencje-opinie-i-polecenia-dla-kerkus-arborystyka-od-naszych-klientow\/\"]}]},{\"@type\":\"ImageObject\",\"inLanguage\":\"pl-PL\",\"@id\":\"https:\/\/www.kerkusarborystyka.pl\/index.php\/referencje-opinie-i-polecenia-dla-kerkus-arborystyka-od-naszych-klientow\/#primaryimage\",\"url\":\"https:\/\/www.kerkusarborystyka.pl\/wp-content\/uploads\/2024\/01\/Referencje-Banie-2023-scaled.jpg\",\"contentUrl\":\"https:\/\/www.kerkusarborystyka.pl\/wp-content\/uploads\/2024\/01\/Referencje-Banie-2023-scaled.jpg\",\"width\":1828,\"height\":2560},{\"@type\":\"BreadcrumbList\",\"@id\":\"https:\/\/www.kerkusarborystyka.pl\/index.php\/referencje-opinie-i-polecenia-dla-kerkus-arborystyka-od-naszych-klientow\/#breadcrumb\",\"itemListElement\":[{\"@type\":\"ListItem\",\"position\":1,\"name\":\"Strona g\u0142\u00f3wna\",\"item\":\"https:\/\/www.kerkusarborystyka.pl\/\"},{\"@type\":\"ListItem\",\"position\":2,\"name\":\"Referencje\"}]},{\"@type\":\"WebSite\",\"@id\":\"https:\/\/www.kerkusarborystyka.pl\/#website\",\"url\":\"https:\/\/www.kerkusarborystyka.pl\/\",\"name\":\"Kerkus Arborystyka\",\"description\":\"Specjalistyczna Piel\u0119gnacja Drzew\",\"publisher\":{\"@id\":\"https:\/\/www.kerkusarborystyka.pl\/#organization\"},\"potentialAction\":[{\"@type\":\"SearchAction\",\"target\":{\"@type\":\"EntryPoint\",\"urlTemplate\":\"https:\/\/www.kerkusarborystyka.pl\/?s={search_term_string}\"},\"query-input\":{\"@type\":\"PropertyValueSpecification\",\"valueRequired\":true,\"valueName\":\"search_term_string\"}}],\"inLanguage\":\"pl-PL\"},{\"@type\":\"Organization\",\"@id\":\"https:\/\/www.kerkusarborystyka.pl\/#organization\",\"name\":\"Kerkus Arborystyka\",\"url\":\"https:\/\/www.kerkusarborystyka.pl\/\",\"logo\":{\"@type\":\"ImageObject\",\"inLanguage\":\"pl-PL\",\"@id\":\"https:\/\/www.kerkusarborystyka.pl\/#\/schema\/logo\/image\/\",\"url\":\"https:\/\/www.kerkusarborystyka.pl\/wp-content\/uploads\/2024\/01\/cropped-KERKUS-ARBORYSTA-logo.png\",\"contentUrl\":\"https:\/\/www.kerkusarborystyka.pl\/wp-content\/uploads\/2024\/01\/cropped-KERKUS-ARBORYSTA-logo.png\",\"width\":512,\"height\":512,\"caption\":\"Kerkus Arborystyka\"},\"image\":{\"@id\":\"https:\/\/www.kerkusarborystyka.pl\/#\/schema\/logo\/image\/\"}}]}<\/script>\n<!-- \/ Yoast SEO plugin. -->","yoast_head_json":{"title":"Referencje - Kerkus Arborystyka","description":"Sprawd\u017a opinie i referencje o Kerkus Arborystyka ! Zobacz, co m\u00f3wi\u0105 nasi klienci o piel\u0119gnacji i wycince drzew. Do\u0142\u0105cz do zadowolonych u\u017cytkownik\u00f3w!","robots":{"index":"index","follow":"follow","max-snippet":"max-snippet:-1","max-image-preview":"max-image-preview:large","max-video-preview":"max-video-preview:-1"},"canonical":"https:\/\/www.kerkusarborystyka.pl\/index.php\/referencje-opinie-i-polecenia-dla-kerkus-arborystyka-od-naszych-klientow\/","og_locale":"pl_PL","og_type":"article","og_title":"Referencje - Kerkus Arborystyka","og_description":"Sprawd\u017a opinie i referencje o Kerkus Arborystyka ! Zobacz, co m\u00f3wi\u0105 nasi klienci o piel\u0119gnacji i wycince drzew. Do\u0142\u0105cz do zadowolonych u\u017cytkownik\u00f3w!","og_url":"https:\/\/www.kerkusarborystyka.pl\/index.php\/referencje-opinie-i-polecenia-dla-kerkus-arborystyka-od-naszych-klientow\/","og_site_name":"Kerkus Arborystyka","article_modified_time":"2025-01-29T09:49:46+00:00","og_image":[{"url":"https:\/\/www.kerkusarborystyka.pl\/wp-content\/uploads\/2024\/01\/Referencje-Banie-2023-scaled.jpg","type":"","width":"","height":""}],"twitter_card":"summary_large_image","twitter_misc":{"Szacowany czas czytania":"1 minuta"},"schema":{"@context":"https:\/\/schema.org","@graph":[{"@type":"WebPage","@id":"https:\/\/www.kerkusarborystyka.pl\/index.php\/referencje-opinie-i-polecenia-dla-kerkus-arborystyka-od-naszych-klientow\/","url":"https:\/\/www.kerkusarborystyka.pl\/index.php\/referencje-opinie-i-polecenia-dla-kerkus-arborystyka-od-naszych-klientow\/","name":"Referencje - Kerkus Arborystyka","isPartOf":{"@id":"https:\/\/www.kerkusarborystyka.pl\/#website"},"primaryImageOfPage":{"@id":"https:\/\/www.kerkusarborystyka.pl\/index.php\/referencje-opinie-i-polecenia-dla-kerkus-arborystyka-od-naszych-klientow\/#primaryimage"},"image":{"@id":"https:\/\/www.kerkusarborystyka.pl\/index.php\/referencje-opinie-i-polecenia-dla-kerkus-arborystyka-od-naszych-klientow\/#primaryimage"},"thumbnailUrl":"https:\/\/www.kerkusarborystyka.pl\/wp-content\/uploads\/2024\/01\/Referencje-Banie-2023-scaled.jpg","datePublished":"2024-01-08T12:49:41+00:00","dateModified":"2025-01-29T09:49:46+00:00","description":"Sprawd\u017a opinie i referencje o Kerkus Arborystyka ! Zobacz, co m\u00f3wi\u0105 nasi klienci o piel\u0119gnacji i wycince drzew. Do\u0142\u0105cz do zadowolonych u\u017cytkownik\u00f3w!","breadcrumb":{"@id":"https:\/\/www.kerkusarborystyka.pl\/index.php\/referencje-opinie-i-polecenia-dla-kerkus-arborystyka-od-naszych-klientow\/#breadcrumb"},"inLanguage":"pl-PL","potentialAction":[{"@type":"ReadAction","target":["https:\/\/www.kerkusarborystyka.pl\/index.php\/referencje-opinie-i-polecenia-dla-kerkus-arborystyka-od-naszych-klientow\/"]}]},{"@type":"ImageObject","inLanguage":"pl-PL","@id":"https:\/\/www.kerkusarborystyka.pl\/index.php\/referencje-opinie-i-polecenia-dla-kerkus-arborystyka-od-naszych-klientow\/#primaryimage","url":"https:\/\/www.kerkusarborystyka.pl\/wp-content\/uploads\/2024\/01\/Referencje-Banie-2023-scaled.jpg","contentUrl":"https:\/\/www.kerkusarborystyka.pl\/wp-content\/uploads\/2024\/01\/Referencje-Banie-2023-scaled.jpg","width":1828,"height":2560},{"@type":"BreadcrumbList","@id":"https:\/\/www.kerkusarborystyka.pl\/index.php\/referencje-opinie-i-polecenia-dla-kerkus-arborystyka-od-naszych-klientow\/#breadcrumb","itemListElement":[{"@type":"ListItem","position":1,"name":"Strona g\u0142\u00f3wna","item":"https:\/\/www.kerkusarborystyka.pl\/"},{"@type":"ListItem","position":2,"name":"Referencje"}]},{"@type":"WebSite","@id":"https:\/\/www.kerkusarborystyka.pl\/#website","url":"https:\/\/www.kerkusarborystyka.pl\/","name":"Kerkus Arborystyka","description":"Specjalistyczna Piel\u0119gnacja Drzew","publisher":{"@id":"https:\/\/www.kerkusarborystyka.pl\/#organization"},"potentialAction":[{"@type":"SearchAction","target":{"@type":"EntryPoint","urlTemplate":"https:\/\/www.kerkusarborystyka.pl\/?s={search_term_string}"},"query-input":{"@type":"PropertyValueSpecification","valueRequired":true,"valueName":"search_term_string"}}],"inLanguage":"pl-PL"},{"@type":"Organization","@id":"https:\/\/www.kerkusarborystyka.pl\/#organization","name":"Kerkus Arborystyka","url":"https:\/\/www.kerkusarborystyka.pl\/","logo":{"@type":"ImageObject","inLanguage":"pl-PL","@id":"https:\/\/www.kerkusarborystyka.pl\/#\/schema\/logo\/image\/","url":"https:\/\/www.kerkusarborystyka.pl\/wp-content\/uploads\/2024\/01\/cropped-KERKUS-ARBORYSTA-logo.png","contentUrl":"https:\/\/www.kerkusarborystyka.pl\/wp-content\/uploads\/2024\/01\/cropped-KERKUS-ARBORYSTA-logo.png","width":512,"height":512,"caption":"Kerkus Arborystyka"},"image":{"@id":"https:\/\/www.kerkusarborystyka.pl\/#\/schema\/logo\/image\/"}}]}},"_links":{"self":[{"href":"https:\/\/www.kerkusarborystyka.pl\/index.php\/wp-json\/wp\/v2\/pages\/152"}],"collection":[{"href":"https:\/\/www.kerkusarborystyka.pl\/index.php\/wp-json\/wp\/v2\/pages"}],"about":[{"href":"https:\/\/www.kerkusarborystyka.pl\/index.php\/wp-json\/wp\/v2\/types\/page"}],"author":[{"embeddable":true,"href":"https:\/\/www.kerkusarborystyka.pl\/index.php\/wp-json\/wp\/v2\/users\/1"}],"replies":[{"embeddable":true,"href":"https:\/\/www.kerkusarborystyka.pl\/index.php\/wp-json\/wp\/v2\/comments?post=152"}],"version-history":[{"count":6,"href":"https:\/\/www.kerkusarborystyka.pl\/index.php\/wp-json\/wp\/v2\/pages\/152\/revisions"}],"predecessor-version":[{"id":208,"href":"https:\/\/www.kerkusarborystyka.pl\/index.php\/wp-json\/wp\/v2\/pages\/152\/revisions\/208"}],"wp:attachment":[{"href":"https:\/\/www.kerkusarborystyka.pl\/index.php\/wp-json\/wp\/v2\/media?parent=152"}],"curies":[{"name":"wp","href":"https:\/\/api.w.org\/{rel}","templated":true}]}}